{"id":10889,"date":"2025-11-04T10:56:14","date_gmt":"2025-11-04T10:56:14","guid":{"rendered":"https:\/\/localyse.eu\/?page_id=10889"},"modified":"2025-11-21T12:41:05","modified_gmt":"2025-11-21T12:41:05","slug":"winactie-verkeerexpo-2025","status":"publish","type":"page","link":"https:\/\/localyse.eu\/nl\/winactie-verkeerexpo-2025\/","title":{"rendered":"Winactie VerkeerExpo 2025"},"content":{"rendered":"\t\t<div data-elementor-type=\"wp-page\" data-elementor-id=\"10889\" class=\"elementor elementor-10889\" data-elementor-settings=\"{&quot;element_pack_global_tooltip_width&quot;:{&quot;unit&quot;:&quot;px&quot;,&quot;size&quot;:&quot;&quot;,&quot;sizes&quot;:[]},&quot;element_pack_global_tooltip_width_tablet&quot;:{&quot;unit&quot;:&quot;px&quot;,&quot;size&quot;:&quot;&quot;,&quot;sizes&quot;:[]},&quot;element_pack_global_tooltip_width_mobile&quot;:{&quot;unit&quot;:&quot;px&quot;,&quot;size&quot;:&quot;&quot;,&quot;sizes&quot;:[]},&quot;element_pack_global_tooltip_padding&quot;:{&quot;unit&quot;:&quot;px&quot;,&quot;top&quot;:&quot;&quot;,&quot;right&quot;:&quot;&quot;,&quot;bottom&quot;:&quot;&quot;,&quot;left&quot;:&quot;&quot;,&quot;isLinked&quot;:true},&quot;element_pack_global_tooltip_padding_tablet&quot;:{&quot;unit&quot;:&quot;px&quot;,&quot;top&quot;:&quot;&quot;,&quot;right&quot;:&quot;&quot;,&quot;bottom&quot;:&quot;&quot;,&quot;left&quot;:&quot;&quot;,&quot;isLinked&quot;:true},&quot;element_pack_global_tooltip_padding_mobile&quot;:{&quot;unit&quot;:&quot;px&quot;,&quot;top&quot;:&quot;&quot;,&quot;right&quot;:&quot;&quot;,&quot;bottom&quot;:&quot;&quot;,&quot;left&quot;:&quot;&quot;,&quot;isLinked&quot;:true},&quot;element_pack_global_tooltip_border_radius&quot;:{&quot;unit&quot;:&quot;px&quot;,&quot;top&quot;:&quot;&quot;,&quot;right&quot;:&quot;&quot;,&quot;bottom&quot;:&quot;&quot;,&quot;left&quot;:&quot;&quot;,&quot;isLinked&quot;:true},&quot;element_pack_global_tooltip_border_radius_tablet&quot;:{&quot;unit&quot;:&quot;px&quot;,&quot;top&quot;:&quot;&quot;,&quot;right&quot;:&quot;&quot;,&quot;bottom&quot;:&quot;&quot;,&quot;left&quot;:&quot;&quot;,&quot;isLinked&quot;:true},&quot;element_pack_global_tooltip_border_radius_mobile&quot;:{&quot;unit&quot;:&quot;px&quot;,&quot;top&quot;:&quot;&quot;,&quot;right&quot;:&quot;&quot;,&quot;bottom&quot;:&quot;&quot;,&quot;left&quot;:&quot;&quot;,&quot;isLinked&quot;:true}}\" data-elementor-post-type=\"page\">\n\t\t\t\t\t\t<section class=\"elementor-section elementor-top-section elementor-element elementor-element-c457ab4 elementor-section-boxed elementor-section-height-default elementor-section-height-default\" data-id=\"c457ab4\" data-element_type=\"section\" data-e-type=\"section\">\n\t\t\t\t\t\t<div class=\"elementor-container elementor-column-gap-default\">\n\t\t\t\t\t<div class=\"elementor-column elementor-col-50 elementor-top-column elementor-element elementor-element-2353c2d\" data-id=\"2353c2d\" data-element_type=\"column\" data-e-type=\"column\">\n\t\t\t<div class=\"elementor-widget-wrap elementor-element-populated\">\n\t\t\t\t<div class=\"elementor-element elementor-element-e2f4b70 e-con-full e-flex e-con e-parent\" data-id=\"e2f4b70\" data-element_type=\"container\" data-e-type=\"container\" data-settings=\"{&quot;background_background&quot;:&quot;classic&quot;}\">\n\t\t\t\t<div class=\"elementor-element elementor-element-a3ec349 elementor-widget__width-inherit elementor-widget-mobile__width-auto dce_masking-none elementor-widget elementor-widget-image\" data-id=\"a3ec349\" data-element_type=\"widget\" data-e-type=\"widget\" data-widget_type=\"image.default\">\n\t\t\t\t<div class=\"elementor-widget-container\">\n\t\t\t\t\t\t\t\t\t\t\t\t\t\t\t<img fetchpriority=\"high\" decoding=\"async\" width=\"3313\" height=\"632\" src=\"https:\/\/localyse.eu\/wp-content\/uploads\/2023\/03\/LOCALYSE_LOGO.png\" class=\"attachment-full size-full wp-image-3551\" alt=\"\" srcset=\"https:\/\/localyse.eu\/wp-content\/uploads\/2023\/03\/LOCALYSE_LOGO.png 3313w, https:\/\/localyse.eu\/wp-content\/uploads\/2023\/03\/LOCALYSE_LOGO-300x57.png 300w, https:\/\/localyse.eu\/wp-content\/uploads\/2023\/03\/LOCALYSE_LOGO-1024x195.png 1024w, https:\/\/localyse.eu\/wp-content\/uploads\/2023\/03\/LOCALYSE_LOGO-768x147.png 768w, https:\/\/localyse.eu\/wp-content\/uploads\/2023\/03\/LOCALYSE_LOGO-1536x293.png 1536w, https:\/\/localyse.eu\/wp-content\/uploads\/2023\/03\/LOCALYSE_LOGO-2048x391.png 2048w, https:\/\/localyse.eu\/wp-content\/uploads\/2023\/03\/LOCALYSE_LOGO-650x124.png 650w\" sizes=\"(max-width: 3313px) 100vw, 3313px\">\t\t\t\t\t\t\t\t\t\t\t\t\t\t\t<\/div>\n\t\t\t\t<\/div>\n\t\t\t\t<div class=\"elementor-element elementor-element-5995a89 elementor-widget__width-inherit elementor-widget-mobile__width-auto dce_masking-none elementor-widget elementor-widget-image\" data-id=\"5995a89\" data-element_type=\"widget\" data-e-type=\"widget\" data-widget_type=\"image.default\">\n\t\t\t\t<div class=\"elementor-widget-container\">\n\t\t\t\t\t\t\t\t\t\t\t\t\t\t\t<img decoding=\"async\" width=\"700\" height=\"503\" src=\"https:\/\/localyse.eu\/wp-content\/uploads\/2025\/11\/NVE_boven.jpg\" class=\"attachment-full size-full wp-image-10904\" alt=\"\" srcset=\"https:\/\/localyse.eu\/wp-content\/uploads\/2025\/11\/NVE_boven.jpg 700w, https:\/\/localyse.eu\/wp-content\/uploads\/2025\/11\/NVE_boven-300x216.jpg 300w, https:\/\/localyse.eu\/wp-content\/uploads\/2025\/11\/NVE_boven-650x467.jpg 650w\" sizes=\"(max-width: 700px) 100vw, 700px\">\t\t\t\t\t\t\t\t\t\t\t\t\t\t\t<\/div>\n\t\t\t\t<\/div>\n\t\t\t\t<div class=\"elementor-element elementor-element-047f122 elementor-widget__width-inherit elementor-widget-mobile__width-auto dce_masking-none elementor-widget elementor-widget-image\" data-id=\"047f122\" data-element_type=\"widget\" data-e-type=\"widget\" data-widget_type=\"image.default\">\n\t\t\t\t<div class=\"elementor-widget-container\">\n\t\t\t\t\t\t\t\t\t\t\t\t\t\t\t<img decoding=\"async\" width=\"1500\" height=\"2150\" src=\"https:\/\/localyse.eu\/wp-content\/uploads\/2025\/11\/google_pin.png\" class=\"attachment-full size-full wp-image-10907\" alt=\"\" srcset=\"https:\/\/localyse.eu\/wp-content\/uploads\/2025\/11\/google_pin.png 1500w, https:\/\/localyse.eu\/wp-content\/uploads\/2025\/11\/google_pin-209x300.png 209w, https:\/\/localyse.eu\/wp-content\/uploads\/2025\/11\/google_pin-714x1024.png 714w, https:\/\/localyse.eu\/wp-content\/uploads\/2025\/11\/google_pin-768x1101.png 768w, https:\/\/localyse.eu\/wp-content\/uploads\/2025\/11\/google_pin-1072x1536.png 1072w, https:\/\/localyse.eu\/wp-content\/uploads\/2025\/11\/google_pin-1429x2048.png 1429w, https:\/\/localyse.eu\/wp-content\/uploads\/2025\/11\/google_pin-453x650.png 453w\" sizes=\"(max-width: 1500px) 100vw, 1500px\">\t\t\t\t\t\t\t\t\t\t\t\t\t\t\t<\/div>\n\t\t\t\t<\/div>\n\t\t\t\t<\/div>\n\t\t\t\t<div class=\"elementor-element elementor-element-ea89541 elementor-widget elementor-widget-heading\" data-id=\"ea89541\" data-element_type=\"widget\" data-e-type=\"widget\" data-widget_type=\"heading.default\">\n\t\t\t\t<div class=\"elementor-widget-container\">\n\t\t\t\t\t<h1 class=\"elementor-heading-title elementor-size-default\">Bedankt voor je bezoek!<\/h1>\t\t\t\t<\/div>\n\t\t\t\t<\/div>\n\t\t\t\t<div class=\"elementor-element elementor-element-34c7e7f elementor-widget elementor-widget-text-editor\" data-id=\"34c7e7f\" data-element_type=\"widget\" data-e-type=\"widget\" data-widget_type=\"text-editor.default\">\n\t\t\t\t<div class=\"elementor-widget-container\">\n\t\t\t\t\t\t\t\t\t<p style=\"font-weight: 400;\">Wij zijn Localyse, d\u00e9 expert op het gebied van verkeersdata van Google.<\/p><p style=\"font-weight: 400;\">Maak kennis met ons en onze toplossingen.<\/p>\t\t\t\t\t\t\t\t<\/div>\n\t\t\t\t<\/div>\n\t\t\t\t<div class=\"elementor-element elementor-element-bd2310b elementor-widget elementor-widget-heading\" data-id=\"bd2310b\" data-element_type=\"widget\" data-e-type=\"widget\" data-widget_type=\"heading.default\">\n\t\t\t\t<div class=\"elementor-widget-container\">\n\t\t\t\t\t<h3 class=\"elementor-heading-title elementor-size-default\">Win \u00e9\u00e9n van de twee Google Nest Hubs (Gen 2)<\/h3>\t\t\t\t<\/div>\n\t\t\t\t<\/div>\n\t\t\t\t<div class=\"elementor-element elementor-element-532a8d5 elementor-widget elementor-widget-text-editor\" data-id=\"532a8d5\" data-element_type=\"widget\" data-e-type=\"widget\" data-widget_type=\"text-editor.default\">\n\t\t\t\t<div class=\"elementor-widget-container\">\n\t\t\t\t\t\t\t\t\t<p style=\"font-weight: 400;\">Door je badge te laten scannen (of je hieronder zelf in te schrijven) doe je automatisch mee met onze winactie.<\/p><p style=\"font-weight: 400;\">Je maakt daarmee kans op \u00e9\u00e9n van de twee Google Nest Hubs.<\/p>\t\t\t\t\t\t\t\t<\/div>\n\t\t\t\t<\/div>\n\t\t\t\t<div class=\"elementor-element elementor-element-89af9cc elementor-widget elementor-widget-heading\" data-id=\"89af9cc\" data-element_type=\"widget\" data-e-type=\"widget\" data-widget_type=\"heading.default\">\n\t\t\t\t<div class=\"elementor-widget-container\">\n\t\t\t\t\t<h4 class=\"elementor-heading-title elementor-size-default\">Google Nest Hub (Gen 2)<\/h4>\t\t\t\t<\/div>\n\t\t\t\t<\/div>\n\t\t\t\t<div class=\"elementor-element elementor-element-33c4f1f elementor-widget elementor-widget-text-editor\" data-id=\"33c4f1f\" data-element_type=\"widget\" data-e-type=\"widget\" data-widget_type=\"text-editor.default\">\n\t\t\t\t<div class=\"elementor-widget-container\">\n\t\t\t\t\t\t\t\t\t<p style=\"font-weight: 400;\">Jouw slimme assistent voor thuis.<\/p><p style=\"font-weight: 400;\">Met de Google Nest Hub bedien je met je stem je slimme apparaten, bekijk je je agenda, foto\u2019s, recepten of weerbericht, en stream je moeiteloos muziek of video\u2019s.<\/p><p style=\"font-weight: 400;\">Kortom: handig, slim en altijd behulpzaam.<\/p>\t\t\t\t\t\t\t\t<\/div>\n\t\t\t\t<\/div>\n\t\t<div class=\"elementor-element elementor-element-0dfca6c e-con-full e-flex e-con e-parent\" data-id=\"0dfca6c\" data-element_type=\"container\" data-e-type=\"container\" data-settings=\"{&quot;background_background&quot;:&quot;classic&quot;}\">\n\t\t\t\t<div class=\"elementor-element elementor-element-8d5c67e elementor-widget elementor-widget-heading\" data-id=\"8d5c67e\" data-element_type=\"widget\" data-e-type=\"widget\" data-widget_type=\"heading.default\">\n\t\t\t\t<div class=\"elementor-widget-container\">\n\t\t\t\t\t<h4 class=\"elementor-heading-title elementor-size-default\">Hoe gaat het nu verder?<\/h4>\t\t\t\t<\/div>\n\t\t\t\t<\/div>\n\t\t\t\t<div class=\"elementor-element elementor-element-90bcf97 elementor-widget elementor-widget-text-editor\" data-id=\"90bcf97\" data-element_type=\"widget\" data-e-type=\"widget\" data-widget_type=\"text-editor.default\">\n\t\t\t\t<div class=\"elementor-widget-container\">\n\t\t\t\t\t\t\t\t\t<p style=\"font-weight: 400;\">Wanneer je ingeschreven staat, ga je mee in de verloting.<\/p><p style=\"font-weight: 400;\">Je ontvangt van ons in de komende dagen een mail of telefoontje met de uitslag.<\/p>\t\t\t\t\t\t\t\t<\/div>\n\t\t\t\t<\/div>\n\t\t\t\t<div class=\"elementor-element elementor-element-7f5de46 elementor-widget elementor-widget-heading\" data-id=\"7f5de46\" data-element_type=\"widget\" data-e-type=\"widget\" data-widget_type=\"heading.default\">\n\t\t\t\t<div class=\"elementor-widget-container\">\n\t\t\t\t\t<h3 class=\"elementor-heading-title elementor-size-default\">Bedankt voor de connectie en hopelijk ben jij de winnaar!<\/h3>\t\t\t\t<\/div>\n\t\t\t\t<\/div>\n\t\t\t\t<\/div>\n\t\t\t\t<div class=\"elementor-element elementor-element-8e6dc37 elementor-widget elementor-widget-heading\" data-id=\"8e6dc37\" data-element_type=\"widget\" data-e-type=\"widget\" data-widget_type=\"heading.default\">\n\t\t\t\t<div class=\"elementor-widget-container\">\n\t\t\t\t\t<h3 class=\"elementor-heading-title elementor-size-default\">Meer weten over onze slimme oplossingen?<\/h3>\t\t\t\t<\/div>\n\t\t\t\t<\/div>\n\t\t\t\t<div class=\"elementor-element elementor-element-a113951 elementor-widget elementor-widget-button\" data-id=\"a113951\" data-element_type=\"widget\" data-e-type=\"widget\" data-widget_type=\"button.default\">\n\t\t\t\t<div class=\"elementor-widget-container\">\n\t\t\t\t\t\t\t\t\t<div class=\"elementor-button-wrapper\">\n\t\t\t\t\t<a class=\"elementor-button elementor-button-link elementor-size-sm\" href=\"https:\/\/localyse.eu\/nl\/cases\/\">\n\t\t\t\t\t\t<span class=\"elementor-button-content-wrapper\">\n\t\t\t\t\t\t\t\t\t<span class=\"elementor-button-text\">Alle use cases<\/span>\n\t\t\t\t\t<\/span>\n\t\t\t\t\t<\/a>\n\t\t\t\t<\/div>\n\t\t\t\t\t\t\t\t<\/div>\n\t\t\t\t<\/div>\n\t\t\t\t\t<\/div>\n\t\t<\/div>\n\t\t\t\t<div data-dce-background-color=\"#FF5050\" data-dce-background-overlay-color=\"#FF2727\" class=\"elementor-column elementor-col-50 elementor-top-column elementor-element elementor-element-5fb5d4b\" data-id=\"5fb5d4b\" data-element_type=\"column\" data-e-type=\"column\" data-settings=\"{&quot;background_background&quot;:&quot;gradient&quot;}\">\n\t\t\t<div class=\"elementor-widget-wrap elementor-element-populated\">\n\t\t\t\t\t<div class=\"elementor-background-overlay\"><\/div>\n\t\t\t\t\t\t<div class=\"elementor-element elementor-element-16c5234 dce_masking-none elementor-widget elementor-widget-image\" data-id=\"16c5234\" data-element_type=\"widget\" data-e-type=\"widget\" data-widget_type=\"image.default\">\n\t\t\t\t<div class=\"elementor-widget-container\">\n\t\t\t\t\t\t\t\t\t\t\t\t\t\t\t<img loading=\"lazy\" decoding=\"async\" width=\"550\" height=\"417\" src=\"https:\/\/localyse.eu\/wp-content\/uploads\/2025\/11\/Google-Nest.jpg\" class=\"attachment-full size-full wp-image-10882\" alt=\"\" srcset=\"https:\/\/localyse.eu\/wp-content\/uploads\/2025\/11\/Google-Nest.jpg 550w, https:\/\/localyse.eu\/wp-content\/uploads\/2025\/11\/Google-Nest-300x227.jpg 300w\" sizes=\"(max-width: 550px) 100vw, 550px\">\t\t\t\t\t\t\t\t\t\t\t\t\t\t\t<\/div>\n\t\t\t\t<\/div>\n\t\t\t\t\t<\/div>\n\t\t<\/div>\n\t\t\t\t\t<\/div>\n\t\t<\/section>\n\t\t\t\t<section class=\"elementor-section elementor-top-section elementor-element elementor-element-56d96c6 elementor-section-boxed elementor-section-height-default elementor-section-height-default\" data-id=\"56d96c6\" data-element_type=\"section\" data-e-type=\"section\" data-settings=\"{&quot;background_background&quot;:&quot;gradient&quot;}\">\n\t\t\t\t\t\t\t<div class=\"elementor-background-overlay\"><\/div>\n\t\t\t\t\t\t\t<div class=\"elementor-container elementor-column-gap-default\">\n\t\t\t\t\t<div class=\"elementor-column elementor-col-100 elementor-top-column elementor-element elementor-element-f39416c\" data-id=\"f39416c\" data-element_type=\"column\" data-e-type=\"column\" data-settings=\"{&quot;background_background&quot;:&quot;classic&quot;}\">\n\t\t\t<div class=\"elementor-widget-wrap elementor-element-populated\">\n\t\t\t\t\t\t<div class=\"elementor-element elementor-element-78e1cdb elementor-widget elementor-widget-heading\" data-id=\"78e1cdb\" data-element_type=\"widget\" data-e-type=\"widget\" data-widget_type=\"heading.default\">\n\t\t\t\t<div class=\"elementor-widget-container\">\n\t\t\t\t\t<h2 class=\"elementor-heading-title elementor-size-default\">Schrijf je in en win<\/h2>\t\t\t\t<\/div>\n\t\t\t\t<\/div>\n\t\t\t\t<div class=\"elementor-element elementor-element-8883215 elementor-widget__width-initial elementor-button-align-stretch elementor-widget elementor-widget-form\" data-id=\"8883215\" data-element_type=\"widget\" data-e-type=\"widget\" data-settings=\"{&quot;step_next_label&quot;:&quot;Next&quot;,&quot;step_previous_label&quot;:&quot;Previous&quot;,&quot;button_width&quot;:&quot;100&quot;,&quot;dce_confirm_dialog_enabled&quot;:&quot;no&quot;,&quot;step_type&quot;:&quot;number_text&quot;,&quot;step_icon_shape&quot;:&quot;circle&quot;,&quot;label_icon_size&quot;:{&quot;unit&quot;:&quot;px&quot;,&quot;size&quot;:&quot;&quot;,&quot;sizes&quot;:[]},&quot;field_icon_size&quot;:{&quot;unit&quot;:&quot;px&quot;,&quot;size&quot;:&quot;&quot;,&quot;sizes&quot;:[]}}\" data-widget_type=\"form.default\">\n\t\t\t\t<div class=\"elementor-widget-container\">\n\t\t\t\t\t\t\t<form class=\"elementor-form\" method=\"post\" id=\"winactie_verkeerexpo_nl\" name=\"winactie_verkeerexpo_nl\" aria-label=\"winactie_verkeerexpo_nl\" novalidate=\"\">\n\t\t\t<input type=\"hidden\" name=\"post_id\" value=\"10889\"\/>\n\t\t\t<input type=\"hidden\" name=\"form_id\" value=\"8883215\"\/>\n\t\t\t<input type=\"hidden\" name=\"referer_title\" value=\"\" \/>\n\n\t\t\t\n\t\t\t<div class=\"elementor-form-fields-wrapper elementor-labels-\">\n\t\t\t\t\t\t\t\t<div class=\"elementor-field-type-recaptcha_v3 elementor-field-group elementor-column elementor-field-group-field_9abb9c6 elementor-col-100 recaptcha_v3-bottomright\">\n\t\t\t\t\t<div class=\"elementor-field\" id=\"form-field-field_9abb9c6\"><div class=\"elementor-g-recaptcha\" data-sitekey=\"6LdHjxclAAAAAH0X82i3YNA-Kj2QS1C8JCJpMOgG\" data-type=\"v3\" data-action=\"Form\" data-badge=\"bottomright\" data-size=\"invisible\"><\/div><\/div>\t\t\t\t<\/div>\n\t\t\t\t\t\t\t\t<div class=\"elementor-field-type-text elementor-field-group elementor-column elementor-field-group-field_1ca6013 elementor-col-50 elementor-field-required\">\n\t\t\t\t\t\t\t\t\t\t\t\t<label for=\"form-field-field_1ca6013\" class=\"elementor-field-label elementor-screen-only\">\n\t\t\t\t\t\t\t\tVoornaam\t\t\t\t\t\t\t<\/label>\n\t\t\t\t\t\t\t\t\t\t\t\t\t\t<input size=\"1\" type=\"text\" name=\"form_fields[field_1ca6013]\" id=\"form-field-field_1ca6013\" class=\"elementor-field elementor-size-sm  elementor-field-textual\" placeholder=\"Voornaam*\" required=\"required\">\n\t\t\t\t\t\t\t\t\t\t\t<\/div>\n\t\t\t\t\t\t\t\t<div class=\"elementor-field-type-text elementor-field-group elementor-column elementor-field-group-field_7f7e3a2 elementor-col-50 elementor-field-required\">\n\t\t\t\t\t\t\t\t\t\t\t\t<label for=\"form-field-field_7f7e3a2\" class=\"elementor-field-label elementor-screen-only\">\n\t\t\t\t\t\t\t\tAchternaam\t\t\t\t\t\t\t<\/label>\n\t\t\t\t\t\t\t\t\t\t\t\t\t\t<input size=\"1\" type=\"text\" name=\"form_fields[field_7f7e3a2]\" id=\"form-field-field_7f7e3a2\" class=\"elementor-field elementor-size-sm  elementor-field-textual\" placeholder=\"Achternaam*\" required=\"required\">\n\t\t\t\t\t\t\t\t\t\t\t<\/div>\n\t\t\t\t\t\t\t\t<div class=\"elementor-field-type-text elementor-field-group elementor-column elementor-field-group-field_fa1054c elementor-col-100 elementor-field-required\">\n\t\t\t\t\t\t\t\t\t\t\t\t<label for=\"form-field-field_fa1054c\" class=\"elementor-field-label elementor-screen-only\">\n\t\t\t\t\t\t\t\tOrganisatie\t\t\t\t\t\t\t<\/label>\n\t\t\t\t\t\t\t\t\t\t\t\t\t\t<input size=\"1\" type=\"text\" name=\"form_fields[field_fa1054c]\" id=\"form-field-field_fa1054c\" class=\"elementor-field elementor-size-sm  elementor-field-textual\" placeholder=\"Organisatie*\" required=\"required\">\n\t\t\t\t\t\t\t\t\t\t\t<\/div>\n\t\t\t\t\t\t\t\t<div class=\"elementor-field-type-email elementor-field-group elementor-column elementor-field-group-email elementor-col-50 elementor-field-required\">\n\t\t\t\t\t\t\t\t\t\t\t\t<label for=\"form-field-email\" class=\"elementor-field-label elementor-screen-only\">\n\t\t\t\t\t\t\t\tE-mail\t\t\t\t\t\t\t<\/label>\n\t\t\t\t\t\t\t\t\t\t\t\t\t\t<input size=\"1\" type=\"email\" name=\"form_fields[email]\" id=\"form-field-email\" class=\"elementor-field elementor-size-sm  elementor-field-textual\" placeholder=\"E-mail*\" required=\"required\">\n\t\t\t\t\t\t\t\t\t\t\t<\/div>\n\t\t\t\t\t\t\t\t<div class=\"elementor-field-type-tel elementor-field-group elementor-column elementor-field-group-field_59289d1 elementor-col-50 elementor-field-required\">\n\t\t\t\t\t\t\t\t\t\t\t\t<label for=\"form-field-field_59289d1\" class=\"elementor-field-label elementor-screen-only\">\n\t\t\t\t\t\t\t\tTelefoonnummer\t\t\t\t\t\t\t<\/label>\n\t\t\t\t\t\t\t\t<input size=\"1\" type=\"tel\" name=\"form_fields[field_59289d1]\" id=\"form-field-field_59289d1\" class=\"elementor-field elementor-size-sm  elementor-field-textual\" placeholder=\"Telefoonnummer*\" required=\"required\" pattern=\"[0-9()#&amp;+*-=.]+\" title=\"Alleen nummers en telefoontekens (#, -, *, enz.) worden geaccepteerd.\">\n\n\t\t\t\t\t\t<\/div>\n\t\t\t\t\t\t\t\t<div class=\"elementor-field-type-acceptance elementor-field-group elementor-column elementor-field-group-field_50daf7d elementor-col-100 elementor-field-required\">\n\t\t\t\t\t\t\t<div class=\"elementor-field-subgroup\">\n\t\t\t<span class=\"elementor-field-option\">\n\t\t\t\t<input type=\"checkbox\" name=\"form_fields[field_50daf7d]\" id=\"form-field-field_50daf7d\" class=\"elementor-field elementor-size-sm  elementor-acceptance-field\" required=\"required\">\n\t\t\t\t<label for=\"form-field-field_50daf7d\">Door je in te schrijven voor deze winactie, geef je GeoSquare\/Localyse toestemming om je per mail op de hoogte te brengen van nieuwe ontwikkelingen en de uitslag van de winactie.\n\n<\/label>\t\t\t<\/span>\n\t\t<\/div>\n\t\t\t\t\t\t<\/div>\n\t\t\t\t\t\t\t\t<div class=\"elementor-field-group elementor-column elementor-field-type-submit elementor-col-100 e-form__buttons\">\n\t\t\t\t\t<button class=\"elementor-button elementor-size-sm\" type=\"submit\">\n\t\t\t\t\t\t<span class=\"elementor-button-content-wrapper\">\n\t\t\t\t\t\t\t\t\t\t\t\t\t\t\t\t\t\t\t\t\t\t<span class=\"elementor-button-text\">Schrijf je in<\/span>\n\t\t\t\t\t\t\t\t\t\t\t\t\t<\/span>\n\t\t\t\t\t<\/button>\n\t\t\t\t<\/div>\n\t\t\t<\/div>\n\t\t<\/form>\n\t\t\t\t\t\t<\/div>\n\t\t\t\t<\/div>\n\t\t\t\t<div class=\"elementor-element elementor-element-c15c9c2 elementor-widget__width-auto elementor-absolute elementor-hidden-mobile dce_masking-none elementor-widget elementor-widget-image\" data-id=\"c15c9c2\" data-element_type=\"widget\" data-e-type=\"widget\" data-settings=\"{&quot;_position&quot;:&quot;absolute&quot;}\" data-widget_type=\"image.default\">\n\t\t\t\t<div class=\"elementor-widget-container\">\n\t\t\t\t\t\t\t\t\t\t\t\t\t\t\t<img loading=\"lazy\" decoding=\"async\" width=\"98\" height=\"90\" src=\"https:\/\/localyse.eu\/wp-content\/uploads\/2023\/02\/Marketing-Ornament-1.webp\" class=\"attachment-full size-full wp-image-3259\" alt=\"\">\t\t\t\t\t\t\t\t\t\t\t\t\t\t\t<\/div>\n\t\t\t\t<\/div>\n\t\t\t\t\t<\/div>\n\t\t<\/div>\n\t\t\t\t\t<\/div>\n\t\t<\/section>\n\t\t\t\t<\/div>\n\t\t","protected":false},"excerpt":{"rendered":"<p>Bedankt voor je bezoek! Wij zijn Localyse, d\u00e9 expert op het gebied van verkeersdata van Google. Maak kennis met ons en onze toplossingen. Win \u00e9\u00e9n van de twee Google Nest Hubs (Gen 2) Door je badge te laten scannen (of je hieronder zelf in te schrijven) doe je automatisch mee met onze winactie. Je maakt [&hellip;]<\/p>\n","protected":false},"author":1,"featured_media":0,"parent":0,"menu_order":0,"comment_status":"closed","ping_status":"closed","template":"","meta":{"_acf_changed":false,"footnotes":""},"class_list":["post-10889","page","type-page","status-publish","hentry"],"acf":[],"_links":{"self":[{"href":"https:\/\/localyse.eu\/nl\/wp-json\/wp\/v2\/pages\/10889","targetHints":{"allow":["GET"]}}],"collection":[{"href":"https:\/\/localyse.eu\/nl\/wp-json\/wp\/v2\/pages"}],"about":[{"href":"https:\/\/localyse.eu\/nl\/wp-json\/wp\/v2\/types\/page"}],"author":[{"embeddable":true,"href":"https:\/\/localyse.eu\/nl\/wp-json\/wp\/v2\/users\/1"}],"replies":[{"embeddable":true,"href":"https:\/\/localyse.eu\/nl\/wp-json\/wp\/v2\/comments?post=10889"}],"version-history":[{"count":25,"href":"https:\/\/localyse.eu\/nl\/wp-json\/wp\/v2\/pages\/10889\/revisions"}],"predecessor-version":[{"id":10925,"href":"https:\/\/localyse.eu\/nl\/wp-json\/wp\/v2\/pages\/10889\/revisions\/10925"}],"wp:attachment":[{"href":"https:\/\/localyse.eu\/nl\/wp-json\/wp\/v2\/media?parent=10889"}],"curies":[{"name":"wp","href":"https:\/\/api.w.org\/{rel}","templated":true}]}}